{"id":7733,"date":"2022-01-19T09:12:00","date_gmt":"2022-01-19T08:12:00","guid":{"rendered":"http:\/\/hansklok.com\/kontakt\/"},"modified":"2024-05-22T11:14:34","modified_gmt":"2024-05-22T09:14:34","slug":"kontakt","status":"publish","type":"page","link":"https:\/\/hansklok.com\/de\/kontakt\/","title":{"rendered":"Kontakt"},"content":{"rendered":"<p>[et_pb_section fb_built=&#8220;1&#8243; specialty=&#8220;on&#8220; custom_padding_last_edited=&#8220;off|phone&#8220; admin_label=&#8220;Header&#8220; _builder_version=&#8220;4.16&#8243; use_background_color_gradient=&#8220;on&#8220; background_color_gradient_direction=&#8220;90deg&#8220; background_color_gradient_stops=&#8220;rgba(0,0,0,0.56) 30%|rgba(0,0,0,0.85) 30%&#8220; background_color_gradient_overlays_image=&#8220;on&#8220; background_color_gradient_start=&#8220;rgba(0,0,0,0.56)&#8220; background_color_gradient_start_position=&#8220;30%&#8220; background_color_gradient_end=&#8220;rgba(0,0,0,0.85)&#8220; background_color_gradient_end_position=&#8220;30%&#8220; background_image=&#8220;https:\/\/hansklok.com\/wp-content\/uploads\/2021\/12\/Hans-Klok-The-Ellen-Show.jpg&#8220; custom_padding=&#8220;||||false|false&#8220; custom_padding_tablet=&#8220;||||false|false&#8220; custom_padding_phone=&#8220;|||10vw|false|false&#8220; background_color_tablet=&#8220;#000000&#8243; background_last_edited=&#8220;on|tablet&#8220; background_enable_color_tablet=&#8220;on&#8220; use_background_color_gradient_tablet=&#8220;off&#8220; background_color_gradient_stops_tablet=&#8220;rgba(0,0,0,0.56) 85%|rgba(0,0,0,0.85) 85%&#8220; background_color_gradient_stops_phone=&#8220;rgba(0,0,0,0.56) 10%|rgba(0,0,0,0.85) 10%&#8220; background_color_gradient_start_position_tablet=&#8220;85%&#8220; background_color_gradient_start_position_phone=&#8220;10%&#8220; background_color_gradient_end_position_tablet=&#8220;0%&#8220; background_color_gradient_end_position_phone=&#8220;10%&#8220; background_enable_image_tablet=&#8220;off&#8220; locked=&#8220;off&#8220; global_colors_info=&#8220;{}&#8220;][et_pb_column type=&#8220;1_3&#8243; _builder_version=&#8220;4.16&#8243; custom_padding=&#8220;|||&#8220; global_colors_info=&#8220;{}&#8220; custom_padding__hover=&#8220;|||&#8220;][\/et_pb_column][et_pb_column type=&#8220;2_3&#8243; specialty_columns=&#8220;2&#8243; _builder_version=&#8220;4.16&#8243; custom_padding=&#8220;|||&#8220; global_colors_info=&#8220;{}&#8220; custom_padding__hover=&#8220;|||&#8220;][et_pb_row_inner _builder_version=&#8220;4.16&#8243; global_colors_info=&#8220;{}&#8220;][et_pb_column_inner saved_specialty_column_type=&#8220;2_3&#8243; _builder_version=&#8220;4.16&#8243; global_colors_info=&#8220;{}&#8220;][et_pb_text _builder_version=&#8220;4.16&#8243; text_text_color=&#8220;rgba(255,255,255,0.5)&#8220; text_font_size=&#8220;16px&#8220; text_line_height=&#8220;1.8em&#8220; header_font=&#8220;Oswald|300||on|||||&#8220; header_font_size=&#8220;2vw&#8220; header_line_height=&#8220;1.2em&#8220; header_3_font=&#8220;Montserrat|700||on|||||&#8220; header_3_text_color=&#8220;#f9002b&#8220; header_3_font_size=&#8220;16px&#8220; header_3_letter_spacing=&#8220;2px&#8220; header_3_line_height=&#8220;1.4em&#8220; background_layout=&#8220;dark&#8220; header_3_font_size_tablet=&#8220;14px&#8220; header_3_font_size_phone=&#8220;&#8220; header_3_font_size_last_edited=&#8220;on|phone&#8220; text_text_align=&#8220;left&#8220; locked=&#8220;off&#8220; global_colors_info=&#8220;{}&#8220;]<\/p>\n<h1>Kontaktiere uns<\/h1>\n<p>[\/et_pb_text][\/et_pb_column_inner][\/et_pb_row_inner][et_pb_row_inner column_structure=&#8220;1_2,1_2&#8243; _builder_version=&#8220;4.16&#8243; global_colors_info=&#8220;{}&#8220;][et_pb_column_inner type=&#8220;1_2&#8243; saved_specialty_column_type=&#8220;2_3&#8243; _builder_version=&#8220;4.16&#8243; global_colors_info=&#8220;{}&#8220;][et_pb_text _builder_version=&#8220;4.16&#8243; header_3_font=&#8220;Oswald||||||||&#8220; header_3_line_height=&#8220;1.2em&#8220; header_4_font=&#8220;Oswald|300||on|||||&#8220; header_4_text_color=&#8220;#FFFFFF&#8220; header_4_font_size=&#8220;14px&#8220; header_4_letter_spacing=&#8220;2px&#8220; header_4_line_height=&#8220;1.4em&#8220; background_layout=&#8220;dark&#8220; max_width=&#8220;600px&#8220; header_3_font_size_tablet=&#8220;20px&#8220; header_3_font_size_phone=&#8220;18px&#8220; header_3_font_size_last_edited=&#8220;on|phone&#8220; locked=&#8220;off&#8220; global_colors_info=&#8220;{}&#8220;]<\/p>\n<h4>Email<\/h4>\n<h3>contact@hansklok.com<\/h3>\n<p>[\/et_pb_text][\/et_pb_column_inner][et_pb_column_inner type=&#8220;1_2&#8243; saved_specialty_column_type=&#8220;2_3&#8243; _builder_version=&#8220;4.16&#8243; global_colors_info=&#8220;{}&#8220;][et_pb_text _builder_version=&#8220;4.16&#8243; header_3_font=&#8220;Oswald||||||||&#8220; header_3_line_height=&#8220;1.2em&#8220; header_4_font=&#8220;Oswald|300||on|||||&#8220; header_4_text_color=&#8220;#FFFFFF&#8220; header_4_font_size=&#8220;14px&#8220; header_4_letter_spacing=&#8220;2px&#8220; header_4_line_height=&#8220;1.4em&#8220; background_layout=&#8220;dark&#8220; max_width=&#8220;600px&#8220; header_3_font_size_tablet=&#8220;20px&#8220; header_3_font_size_phone=&#8220;18px&#8220; header_3_font_size_last_edited=&#8220;on|phone&#8220; locked=&#8220;off&#8220; global_colors_info=&#8220;{}&#8220;]<\/p>\n<h4>Kontakt<\/h4>\n<h3>Judith Stoffels<\/h3>\n<p>[\/et_pb_text][\/et_pb_column_inner][\/et_pb_row_inner][et_pb_row_inner custom_padding_last_edited=&#8220;on|phone&#8220; _builder_version=&#8220;4.16&#8243; custom_padding=&#8220;40px|40px|40px|40px|true|true&#8220; custom_padding_tablet=&#8220;30px|30px|30px|30px|true|true&#8220; custom_padding_phone=&#8220;20px|20px|20px|20px|true|true&#8220; border_width_all=&#8220;4px&#8220; border_color_all=&#8220;#FFFFFF&#8220; global_colors_info=&#8220;{}&#8220;][et_pb_column_inner saved_specialty_column_type=&#8220;2_3&#8243; _builder_version=&#8220;4.16&#8243; global_colors_info=&#8220;{}&#8220;][et_pb_contact_form use_spam_service=&#8220;on&#8220; recaptcha_list=&#8220;hansklok|hansklok-0&#8243; email=&#8220;contact@hansklok.com&#8220; custom_message=&#8220;Ich m\u00f6chte weitere Informationen erhalten:||et_pb_line_break_holder||||et_pb_line_break_holder||Name: %%name%%||et_pb_line_break_holder||E-Mail-Addresse: %%email%%||et_pb_line_break_holder||Gegenstand: %%gegenstand%%||et_pb_line_break_holder||Nachricht: %%message%%||et_pb_line_break_holder||||et_pb_line_break_holder||||et_pb_line_break_holder||||et_pb_line_break_holder||&#8220; success_message=&#8220;Danke f\u00fcr deine Nachricht. Wir werden uns schnellstm\u00f6glich mit Ihnen in Verbindung setzen.&#8220; submit_button_text=&#8220;Senden&#8220; _builder_version=&#8220;4.25.1&#8243; _unique_id=&#8220;870d65d2-d22b-4f7e-97c8-5c61013dd100&#8243; form_field_background_color=&#8220;rgba(255,255,255,0.1)&#8220; form_field_text_color=&#8220;#FFFFFF&#8220; form_field_focus_background_color=&#8220;rgba(255,255,255,0.2)&#8220; form_field_focus_text_color=&#8220;#FFFFFF&#8220; form_field_font=&#8220;Oswald|300|||||||&#8220; form_field_font_size=&#8220;18px&#8220; custom_button=&#8220;on&#8220; button_text_size=&#8220;14px&#8220; button_text_color=&#8220;#ffffff&#8220; button_bg_color=&#8220;#5d0000&#8243; button_border_width=&#8220;1px&#8220; button_border_color=&#8220;#FFFFFF&#8220; button_letter_spacing=&#8220;2px&#8220; button_font=&#8220;Oswald|300||on|||||&#8220; button_icon=&#8220;&#xe076;||divi||400&#8243; button_icon_placement=&#8220;left&#8220; button_on_hover=&#8220;off&#8220; button_custom_margin=&#8220;40px||||false|false&#8220; button_custom_padding=&#8220;16px|26px|16px|46px|true|false&#8220; hover_enabled=&#8220;0&#8243; global_colors_info=&#8220;{}&#8220; button_bg_color__hover=&#8220;#5d0000&#8243; button_bg_color__hover_enabled=&#8220;on|hover&#8220; button_bg_enable_color__hover=&#8220;on&#8220; sticky_enabled=&#8220;0&#8243;][et_pb_contact_field field_id=&#8220;Name&#8220; field_title=&#8220;Name&#8220; _builder_version=&#8220;4.16&#8243; global_colors_info=&#8220;{}&#8220; button_text_size__hover_enabled=&#8220;off&#8220; button_one_text_size__hover_enabled=&#8220;off&#8220; button_two_text_size__hover_enabled=&#8220;off&#8220; button_text_color__hover_enabled=&#8220;off&#8220; button_one_text_color__hover_enabled=&#8220;off&#8220; button_two_text_color__hover_enabled=&#8220;off&#8220; button_border_width__hover_enabled=&#8220;off&#8220; button_one_border_width__hover_enabled=&#8220;off&#8220; button_two_border_width__hover_enabled=&#8220;off&#8220; button_border_color__hover_enabled=&#8220;off&#8220; button_one_border_color__hover_enabled=&#8220;off&#8220; button_two_border_color__hover_enabled=&#8220;off&#8220; button_border_radius__hover_enabled=&#8220;off&#8220; button_one_border_radius__hover_enabled=&#8220;off&#8220; button_two_border_radius__hover_enabled=&#8220;off&#8220; button_letter_spacing__hover_enabled=&#8220;off&#8220; button_one_letter_spacing__hover_enabled=&#8220;off&#8220; button_two_letter_spacing__hover_enabled=&#8220;off&#8220; button_bg_color__hover_enabled=&#8220;off&#8220; button_one_bg_color__hover_enabled=&#8220;off&#8220; button_two_bg_color__hover_enabled=&#8220;off&#8220;][\/et_pb_contact_field][et_pb_contact_field field_id=&#8220;Email&#8220; field_title=&#8220;E-Mail-Addresse&#8220; field_type=&#8220;email&#8220; _builder_version=&#8220;4.16&#8243; global_colors_info=&#8220;{}&#8220; button_text_size__hover_enabled=&#8220;off&#8220; button_one_text_size__hover_enabled=&#8220;off&#8220; button_two_text_size__hover_enabled=&#8220;off&#8220; button_text_color__hover_enabled=&#8220;off&#8220; button_one_text_color__hover_enabled=&#8220;off&#8220; button_two_text_color__hover_enabled=&#8220;off&#8220; button_border_width__hover_enabled=&#8220;off&#8220; button_one_border_width__hover_enabled=&#8220;off&#8220; button_two_border_width__hover_enabled=&#8220;off&#8220; button_border_color__hover_enabled=&#8220;off&#8220; button_one_border_color__hover_enabled=&#8220;off&#8220; button_two_border_color__hover_enabled=&#8220;off&#8220; button_border_radius__hover_enabled=&#8220;off&#8220; button_one_border_radius__hover_enabled=&#8220;off&#8220; button_two_border_radius__hover_enabled=&#8220;off&#8220; button_letter_spacing__hover_enabled=&#8220;off&#8220; button_one_letter_spacing__hover_enabled=&#8220;off&#8220; button_two_letter_spacing__hover_enabled=&#8220;off&#8220; button_bg_color__hover_enabled=&#8220;off&#8220; button_one_bg_color__hover_enabled=&#8220;off&#8220; button_two_bg_color__hover_enabled=&#8220;off&#8220;][\/et_pb_contact_field][et_pb_contact_field field_id=&#8220;Onderwerp&#8220; field_title=&#8220;Gegenstand&#8220; fullwidth_field=&#8220;on&#8220; _builder_version=&#8220;4.16&#8243; _module_preset=&#8220;default&#8220; global_colors_info=&#8220;{}&#8220;][\/et_pb_contact_field][et_pb_contact_field field_id=&#8220;Message&#8220; field_title=&#8220;Nachricht&#8220; field_type=&#8220;text&#8220; fullwidth_field=&#8220;on&#8220; _builder_version=&#8220;4.16&#8243; global_colors_info=&#8220;{}&#8220; button_text_size__hover_enabled=&#8220;off&#8220; button_one_text_size__hover_enabled=&#8220;off&#8220; button_two_text_size__hover_enabled=&#8220;off&#8220; button_text_color__hover_enabled=&#8220;off&#8220; button_one_text_color__hover_enabled=&#8220;off&#8220; button_two_text_color__hover_enabled=&#8220;off&#8220; button_border_width__hover_enabled=&#8220;off&#8220; button_one_border_width__hover_enabled=&#8220;off&#8220; button_two_border_width__hover_enabled=&#8220;off&#8220; button_border_color__hover_enabled=&#8220;off&#8220; button_one_border_color__hover_enabled=&#8220;off&#8220; button_two_border_color__hover_enabled=&#8220;off&#8220; button_border_radius__hover_enabled=&#8220;off&#8220; button_one_border_radius__hover_enabled=&#8220;off&#8220; button_two_border_radius__hover_enabled=&#8220;off&#8220; button_letter_spacing__hover_enabled=&#8220;off&#8220; button_one_letter_spacing__hover_enabled=&#8220;off&#8220; button_two_letter_spacing__hover_enabled=&#8220;off&#8220; button_bg_color__hover_enabled=&#8220;off&#8220; button_one_bg_color__hover_enabled=&#8220;off&#8220; button_two_bg_color__hover_enabled=&#8220;off&#8220;][\/et_pb_contact_field][\/et_pb_contact_form][\/et_pb_column_inner][\/et_pb_row_inner][\/et_pb_column][\/et_pb_section][et_pb_section fb_built=&#8220;1&#8243; admin_label=&#8220;Footer&#8220; _builder_version=&#8220;4.16&#8243; use_background_color_gradient=&#8220;on&#8220; background_color_gradient_stops=&#8220;#000000 0%|rgba(0,0,0,0) 50%&#8220; background_color_gradient_overlays_image=&#8220;on&#8220; background_color_gradient_start=&#8220;#000000&#8243; background_color_gradient_end=&#8220;rgba(0,0,0,0)&#8220; background_color_gradient_end_position=&#8220;50%&#8220; background_image=&#8220;https:\/\/hansklok.com\/wp-content\/uploads\/2021\/11\/theater-01.jpg&#8220; locked=&#8220;off&#8220; global_colors_info=&#8220;{}&#8220;][\/et_pb_section]<\/p>\n","protected":false},"excerpt":{"rendered":"<p>Kontaktiere unsEmail contact@hansklok.comKontakt Judith Stoffels<\/p>\n","protected":false},"author":1,"featured_media":9529,"parent":0,"menu_order":0,"comment_status":"closed","ping_status":"closed","template":"","meta":{"_et_pb_use_builder":"on","_et_pb_old_content":"","_et_gb_content_width":"","footnotes":""},"class_list":["post-7733","page","type-page","status-publish","has-post-thumbnail","hentry"],"yoast_head":"<!-- This site is optimized with the Yoast SEO plugin v27.3 - https:\/\/yoast.com\/product\/yoast-seo-wordpress\/ -->\n<title>Hans Klok | The Worlds Fastest Illusionist - Contact<\/title>\n<meta name=\"description\" content=\"Hans Klok \u2013 The Worlds Fastest Illusionist kommt bald mit seiner neuen Show Hans Klok and Friends 2022, werfen Sie einen kurzen Blick auf seine Agenda \u2026\" \/>\n<meta name=\"robots\" content=\"index, follow, max-snippet:-1, max-image-preview:large, max-video-preview:-1\" \/>\n<link rel=\"canonical\" href=\"https:\/\/hansklok.com\/de\/kontakt\/\" \/>\n<meta property=\"og:locale\" content=\"de_DE\" \/>\n<meta property=\"og:type\" content=\"article\" \/>\n<meta property=\"og:title\" content=\"Hans Klok | The Worlds Fastest Illusionist - Contact\" \/>\n<meta property=\"og:description\" content=\"Der Illusionist Hans Klok ist ein Weltklasse-K\u00fcnstler und bedarf keiner weiteren Erkl\u00e4rung. Nachdem er mit Pamela Anderson in Las Vegas zusammengearbeitet hat, in Fernsehshows auf der ganzen Welt aufgetreten ist und in fast jedem Theater aufgetreten ist, pr\u00e4sentiert er seine Show Nacht f\u00fcr Nacht vor ausverkauften H\u00e4usern. Er beweist immer wieder, dass er der Beste auf seinem Gebiet ist.\" \/>\n<meta property=\"og:url\" content=\"https:\/\/hansklok.com\/de\/kontakt\/\" \/>\n<meta property=\"og:site_name\" content=\"Hans Klok\" \/>\n<meta property=\"article:modified_time\" content=\"2024-05-22T09:14:34+00:00\" \/>\n<meta property=\"og:image\" content=\"http:\/\/hansklok.com\/wp-content\/uploads\/2021\/11\/HANS-KLOK-1-225x300.jpg\" \/>\n<meta name=\"twitter:card\" content=\"summary_large_image\" \/>\n<meta name=\"twitter:title\" content=\"Hans Klok | The Worlds Fastest Illusionist - Contact\" \/>\n<meta name=\"twitter:description\" content=\"Der Illusionist Hans Klok ist ein Weltklasse-K\u00fcnstler und bedarf keiner weiteren Erkl\u00e4rung. Nachdem er mit Pamela Anderson in Las Vegas zusammengearbeitet hat, in Fernsehshows auf der ganzen Welt aufgetreten ist und in fast jedem Theater aufgetreten ist, pr\u00e4sentiert er seine Show Nacht f\u00fcr Nacht vor ausverkauften H\u00e4usern. Er beweist immer wieder, dass er der Beste auf seinem Gebiet ist.\" \/>\n<meta name=\"twitter:image\" content=\"http:\/\/hansklok.com\/wp-content\/uploads\/2021\/11\/HANS-KLOK-1-768x1024.jpg\" \/>\n<meta name=\"twitter:label1\" content=\"Gesch\u00e4tzte Lesezeit\" \/>\n\t<meta name=\"twitter:data1\" content=\"7\u00a0Minuten\" \/>\n<script type=\"application\/ld+json\" class=\"yoast-schema-graph\">{\"@context\":\"https:\\\/\\\/schema.org\",\"@graph\":[{\"@type\":\"WebPage\",\"@id\":\"https:\\\/\\\/hansklok.com\\\/de\\\/kontakt\\\/\",\"url\":\"https:\\\/\\\/hansklok.com\\\/de\\\/kontakt\\\/\",\"name\":\"Hans Klok | The Worlds Fastest Illusionist - Contact\",\"isPartOf\":{\"@id\":\"https:\\\/\\\/hansklok.com\\\/de\\\/#website\"},\"primaryImageOfPage\":{\"@id\":\"https:\\\/\\\/hansklok.com\\\/de\\\/kontakt\\\/#primaryimage\"},\"image\":{\"@id\":\"https:\\\/\\\/hansklok.com\\\/de\\\/kontakt\\\/#primaryimage\"},\"thumbnailUrl\":\"https:\\\/\\\/hansklok.com\\\/wp-content\\\/uploads\\\/2024\\\/04\\\/Hans-Klok-Face-The-Future-Banner.jpg\",\"datePublished\":\"2022-01-19T08:12:00+00:00\",\"dateModified\":\"2024-05-22T09:14:34+00:00\",\"description\":\"Hans Klok \u2013 The Worlds Fastest Illusionist kommt bald mit seiner neuen Show Hans Klok and Friends 2022, werfen Sie einen kurzen Blick auf seine Agenda \u2026\",\"breadcrumb\":{\"@id\":\"https:\\\/\\\/hansklok.com\\\/de\\\/kontakt\\\/#breadcrumb\"},\"inLanguage\":\"de\",\"potentialAction\":[{\"@type\":\"ReadAction\",\"target\":[\"https:\\\/\\\/hansklok.com\\\/de\\\/kontakt\\\/\"]}]},{\"@type\":\"ImageObject\",\"inLanguage\":\"de\",\"@id\":\"https:\\\/\\\/hansklok.com\\\/de\\\/kontakt\\\/#primaryimage\",\"url\":\"https:\\\/\\\/hansklok.com\\\/wp-content\\\/uploads\\\/2024\\\/04\\\/Hans-Klok-Face-The-Future-Banner.jpg\",\"contentUrl\":\"https:\\\/\\\/hansklok.com\\\/wp-content\\\/uploads\\\/2024\\\/04\\\/Hans-Klok-Face-The-Future-Banner.jpg\",\"width\":1440,\"height\":1920,\"caption\":\"Hans Klok - Face The Future - Banner\"},{\"@type\":\"BreadcrumbList\",\"@id\":\"https:\\\/\\\/hansklok.com\\\/de\\\/kontakt\\\/#breadcrumb\",\"itemListElement\":[{\"@type\":\"ListItem\",\"position\":1,\"name\":\"Home\",\"item\":\"https:\\\/\\\/hansklok.com\\\/de\\\/\"},{\"@type\":\"ListItem\",\"position\":2,\"name\":\"Kontakt\"}]},{\"@type\":\"WebSite\",\"@id\":\"https:\\\/\\\/hansklok.com\\\/de\\\/#website\",\"url\":\"https:\\\/\\\/hansklok.com\\\/de\\\/\",\"name\":\"Hans Klok\",\"description\":\"The World's Fastest Magician\",\"potentialAction\":[{\"@type\":\"SearchAction\",\"target\":{\"@type\":\"EntryPoint\",\"urlTemplate\":\"https:\\\/\\\/hansklok.com\\\/de\\\/?s={search_term_string}\"},\"query-input\":{\"@type\":\"PropertyValueSpecification\",\"valueRequired\":true,\"valueName\":\"search_term_string\"}}],\"inLanguage\":\"de\"}]}<\/script>\n<!-- \/ Yoast SEO plugin. -->","yoast_head_json":{"title":"Hans Klok | The Worlds Fastest Illusionist - Contact","description":"Hans Klok \u2013 The Worlds Fastest Illusionist kommt bald mit seiner neuen Show Hans Klok and Friends 2022, werfen Sie einen kurzen Blick auf seine Agenda \u2026","robots":{"index":"index","follow":"follow","max-snippet":"max-snippet:-1","max-image-preview":"max-image-preview:large","max-video-preview":"max-video-preview:-1"},"canonical":"https:\/\/hansklok.com\/de\/kontakt\/","og_locale":"de_DE","og_type":"article","og_title":"Hans Klok | The Worlds Fastest Illusionist - Contact","og_description":"Der Illusionist Hans Klok ist ein Weltklasse-K\u00fcnstler und bedarf keiner weiteren Erkl\u00e4rung. Nachdem er mit Pamela Anderson in Las Vegas zusammengearbeitet hat, in Fernsehshows auf der ganzen Welt aufgetreten ist und in fast jedem Theater aufgetreten ist, pr\u00e4sentiert er seine Show Nacht f\u00fcr Nacht vor ausverkauften H\u00e4usern. Er beweist immer wieder, dass er der Beste auf seinem Gebiet ist.","og_url":"https:\/\/hansklok.com\/de\/kontakt\/","og_site_name":"Hans Klok","article_modified_time":"2024-05-22T09:14:34+00:00","og_image":[{"url":"http:\/\/hansklok.com\/wp-content\/uploads\/2021\/11\/HANS-KLOK-1-225x300.jpg","type":"","width":"","height":""}],"twitter_card":"summary_large_image","twitter_title":"Hans Klok | The Worlds Fastest Illusionist - Contact","twitter_description":"Der Illusionist Hans Klok ist ein Weltklasse-K\u00fcnstler und bedarf keiner weiteren Erkl\u00e4rung. Nachdem er mit Pamela Anderson in Las Vegas zusammengearbeitet hat, in Fernsehshows auf der ganzen Welt aufgetreten ist und in fast jedem Theater aufgetreten ist, pr\u00e4sentiert er seine Show Nacht f\u00fcr Nacht vor ausverkauften H\u00e4usern. Er beweist immer wieder, dass er der Beste auf seinem Gebiet ist.","twitter_image":"http:\/\/hansklok.com\/wp-content\/uploads\/2021\/11\/HANS-KLOK-1-768x1024.jpg","twitter_misc":{"Gesch\u00e4tzte Lesezeit":"7\u00a0Minuten"},"schema":{"@context":"https:\/\/schema.org","@graph":[{"@type":"WebPage","@id":"https:\/\/hansklok.com\/de\/kontakt\/","url":"https:\/\/hansklok.com\/de\/kontakt\/","name":"Hans Klok | The Worlds Fastest Illusionist - Contact","isPartOf":{"@id":"https:\/\/hansklok.com\/de\/#website"},"primaryImageOfPage":{"@id":"https:\/\/hansklok.com\/de\/kontakt\/#primaryimage"},"image":{"@id":"https:\/\/hansklok.com\/de\/kontakt\/#primaryimage"},"thumbnailUrl":"https:\/\/hansklok.com\/wp-content\/uploads\/2024\/04\/Hans-Klok-Face-The-Future-Banner.jpg","datePublished":"2022-01-19T08:12:00+00:00","dateModified":"2024-05-22T09:14:34+00:00","description":"Hans Klok \u2013 The Worlds Fastest Illusionist kommt bald mit seiner neuen Show Hans Klok and Friends 2022, werfen Sie einen kurzen Blick auf seine Agenda \u2026","breadcrumb":{"@id":"https:\/\/hansklok.com\/de\/kontakt\/#breadcrumb"},"inLanguage":"de","potentialAction":[{"@type":"ReadAction","target":["https:\/\/hansklok.com\/de\/kontakt\/"]}]},{"@type":"ImageObject","inLanguage":"de","@id":"https:\/\/hansklok.com\/de\/kontakt\/#primaryimage","url":"https:\/\/hansklok.com\/wp-content\/uploads\/2024\/04\/Hans-Klok-Face-The-Future-Banner.jpg","contentUrl":"https:\/\/hansklok.com\/wp-content\/uploads\/2024\/04\/Hans-Klok-Face-The-Future-Banner.jpg","width":1440,"height":1920,"caption":"Hans Klok - Face The Future - Banner"},{"@type":"BreadcrumbList","@id":"https:\/\/hansklok.com\/de\/kontakt\/#breadcrumb","itemListElement":[{"@type":"ListItem","position":1,"name":"Home","item":"https:\/\/hansklok.com\/de\/"},{"@type":"ListItem","position":2,"name":"Kontakt"}]},{"@type":"WebSite","@id":"https:\/\/hansklok.com\/de\/#website","url":"https:\/\/hansklok.com\/de\/","name":"Hans Klok","description":"The World's Fastest Magician","potentialAction":[{"@type":"SearchAction","target":{"@type":"EntryPoint","urlTemplate":"https:\/\/hansklok.com\/de\/?s={search_term_string}"},"query-input":{"@type":"PropertyValueSpecification","valueRequired":true,"valueName":"search_term_string"}}],"inLanguage":"de"}]}},"_links":{"self":[{"href":"https:\/\/hansklok.com\/de\/wp-json\/wp\/v2\/pages\/7733","targetHints":{"allow":["GET"]}}],"collection":[{"href":"https:\/\/hansklok.com\/de\/wp-json\/wp\/v2\/pages"}],"about":[{"href":"https:\/\/hansklok.com\/de\/wp-json\/wp\/v2\/types\/page"}],"author":[{"embeddable":true,"href":"https:\/\/hansklok.com\/de\/wp-json\/wp\/v2\/users\/1"}],"replies":[{"embeddable":true,"href":"https:\/\/hansklok.com\/de\/wp-json\/wp\/v2\/comments?post=7733"}],"version-history":[{"count":2,"href":"https:\/\/hansklok.com\/de\/wp-json\/wp\/v2\/pages\/7733\/revisions"}],"predecessor-version":[{"id":9640,"href":"https:\/\/hansklok.com\/de\/wp-json\/wp\/v2\/pages\/7733\/revisions\/9640"}],"wp:featuredmedia":[{"embeddable":true,"href":"https:\/\/hansklok.com\/de\/wp-json\/wp\/v2\/media\/9529"}],"wp:attachment":[{"href":"https:\/\/hansklok.com\/de\/wp-json\/wp\/v2\/media?parent=7733"}],"curies":[{"name":"wp","href":"https:\/\/api.w.org\/{rel}","templated":true}]}}