{"id":7479,"date":"2021-12-05T16:53:59","date_gmt":"2021-12-05T15:53:59","guid":{"rendered":"http:\/\/hansklok.com\/biografie\/"},"modified":"2022-03-10T14:42:16","modified_gmt":"2022-03-10T13:42:16","slug":"biografie","status":"publish","type":"page","link":"https:\/\/hansklok.com\/de\/biografie\/","title":{"rendered":"Biografie"},"content":{"rendered":"<p>[et_pb_section fb_built=&#8220;1&#8243; custom_padding_last_edited=&#8220;on|desktop&#8220; admin_label=&#8220;Header&#8220; _builder_version=&#8220;4.14.1&#8243; use_background_color_gradient=&#8220;on&#8220; background_color_gradient_start=&#8220;rgba(0,0,0,0.5)&#8220; background_color_gradient_end=&#8220;#000000&#8243; background_color_gradient_overlays_image=&#8220;on&#8220; background_image=&#8220;http:\/\/hansklok.com\/wp-content\/uploads\/2021\/11\/Hans-vuur.jpg&#8220; custom_margin=&#8220;0px||||false|false&#8220; custom_padding=&#8220;||329px||false|false&#8220; custom_padding_tablet=&#8220;||329px||false|false&#8220; custom_padding_phone=&#8220;||329px||false|false&#8220; locked=&#8220;off&#8220; global_colors_info=&#8220;{}&#8220;][et_pb_row _builder_version=&#8220;4.0.6&#8243; global_colors_info=&#8220;{}&#8220;][et_pb_column type=&#8220;4_4&#8243; _builder_version=&#8220;3.27.3&#8243; global_colors_info=&#8220;{}&#8220;][et_pb_text _builder_version=&#8220;4.14.4&#8243; text_text_color=&#8220;rgba(255,255,255,0.5)&#8220; text_font_size=&#8220;16px&#8220; text_line_height=&#8220;1.8em&#8220; header_font=&#8220;Oswald|300||on|||||&#8220; header_font_size=&#8220;6vw&#8220; header_line_height=&#8220;1.2em&#8220; header_3_font=&#8220;Montserrat|700||on|||||&#8220; header_3_text_color=&#8220;rgba(255,255,255,0.5)&#8220; header_3_font_size=&#8220;16px&#8220; header_3_letter_spacing=&#8220;2px&#8220; header_3_line_height=&#8220;1.4em&#8220; text_orientation=&#8220;center&#8220; background_layout=&#8220;dark&#8220; header_3_font_size_tablet=&#8220;14px&#8220; header_3_font_size_phone=&#8220;&#8220; header_3_font_size_last_edited=&#8220;on|phone&#8220; text_text_align=&#8220;left&#8220; locked=&#8220;off&#8220; global_colors_info=&#8220;{}&#8220;]<\/p>\n<h3><\/h3>\n<h1>\u00dcber Hans<\/h1>\n<p>[\/et_pb_text][\/et_pb_column][\/et_pb_row][\/et_pb_section][et_pb_section fb_built=&#8220;1&#8243; specialty=&#8220;on&#8220; admin_label=&#8220;Feature List&#8220; _builder_version=&#8220;3.27.3&#8243; background_color=&#8220;#000000&#8243; global_colors_info=&#8220;{}&#8220;][et_pb_column type=&#8220;1_3&#8243; _builder_version=&#8220;3.25&#8243; custom_padding=&#8220;|||&#8220; global_colors_info=&#8220;{}&#8220; custom_padding__hover=&#8220;|||&#8220;][et_pb_image src=&#8220;http:\/\/hansklok.com\/wp-content\/uploads\/2022\/01\/Hans-Klok-Biografie.jpg&#8220; alt=&#8220;Hans Klok &#8211; Biografie&#8220; title_text=&#8220;Hans Klok &#8211; Biografie&#8220; _builder_version=&#8220;4.14.6&#8243; _module_preset=&#8220;default&#8220; global_colors_info=&#8220;{}&#8220;][\/et_pb_image][\/et_pb_column][et_pb_column type=&#8220;2_3&#8243; specialty_columns=&#8220;2&#8243; _builder_version=&#8220;3.25&#8243; custom_padding=&#8220;|||&#8220; global_colors_info=&#8220;{}&#8220; custom_padding__hover=&#8220;|||&#8220;][et_pb_row_inner custom_padding_last_edited=&#8220;on|phone&#8220; _builder_version=&#8220;4.14.6&#8243; custom_padding=&#8220;40px|40px|40px|40px|true|true&#8220; custom_padding_tablet=&#8220;30px|30px|30px|30px|true|true&#8220; custom_padding_phone=&#8220;20px|20px|20px|20px|true|true&#8220; border_width_all=&#8220;4px&#8220; border_color_all=&#8220;#5d0000&#8243; global_colors_info=&#8220;{}&#8220;][et_pb_column_inner saved_specialty_column_type=&#8220;2_3&#8243; _builder_version=&#8220;3.27.3&#8243; global_colors_info=&#8220;{}&#8220;][et_pb_text _builder_version=&#8220;4.14.4&#8243; _module_preset=&#8220;default&#8220; text_font=&#8220;Oswald|300|||||||&#8220; text_text_color=&#8220;rgba(255,255,255,0.77)&#8220; text_font_size=&#8220;18px&#8220; global_colors_info=&#8220;{}&#8220;]<\/p>\n<p>An seinem zehnten Geburtstag erhielt Hans Klok eine Zauberkiste und trat auf den Geburtstagsfeiern von Freunden auf. Mit zw\u00f6lf Jahren wurde er niederl\u00e4ndischer Jugendmeister in Zauberei, mit vierzehn wurde er Jugend-Europameister in Zauberei.<br \/>Klok bezeichnet sich selbst als &#8218;Der schnellste Magier der Welt\u201c. 1990 gewannen er und seine Assistentin Sittah die schnellste Metamorphose der Welt&#8220; den Gro\u00dfen Preis der Niederlande und die Henk Vermeyden Challenge Trophy. Im folgenden Jahr trat er am Opera House Theatre im Unterhaltungskomplex Winter Gardens in Blackpool sowie in Frankreich, Japan, S\u00fcdamerika, den USA, der Karibik und allen westeurop\u00e4ischen L\u00e4ndern auf. Er gewann den ersten Preis beim internationalen Magic Fachkongress in Deutschland und trat in Fernsehshows im In- und Ausland auf. 1991 gab er die Er\u00f6ffnungsvorstellung der F\u00e9d\u00e9ration Internationale des Soci\u00e9t\u00e9s Magiques in Lausanne \u2013 einer Fachmesse f\u00fcr Zauberer und Illusionisten, bei der er die M\u00f6glichkeit hatte, seine eigene Show zu pr\u00e4sentieren. Das Theater des Vergn\u00fcgungsparks Duinrell wurde nach seinen W\u00fcnschen renoviert und eingerichtet. Diese Show zog 170.000 Besucher an. Im folgenden Jahr kehrte er mit einer neuen Show nach Duinrell zur\u00fcck.<\/p>\n<p>[\/et_pb_text][\/et_pb_column_inner][\/et_pb_row_inner][\/et_pb_column][\/et_pb_section][et_pb_section fb_built=&#8220;1&#8243; specialty=&#8220;on&#8220; admin_label=&#8220;Feature List&#8220; _builder_version=&#8220;3.27.3&#8243; background_color=&#8220;#000000&#8243; global_colors_info=&#8220;{}&#8220;][et_pb_column type=&#8220;1_3&#8243; _builder_version=&#8220;3.25&#8243; custom_padding=&#8220;|||&#8220; global_colors_info=&#8220;{}&#8220; custom_padding__hover=&#8220;|||&#8220;][et_pb_image src=&#8220;http:\/\/hansklok.com\/wp-content\/uploads\/2021\/11\/HANS-KLOK-1.jpg&#8220; alt=&#8220;Hans Klok &#8211; Biografie&#8220; title_text=&#8220;Hans Klok &#8211; Biografie&#8220; _builder_version=&#8220;4.14.7&#8243; _module_preset=&#8220;default&#8220; global_colors_info=&#8220;{}&#8220;][\/et_pb_image][\/et_pb_column][et_pb_column type=&#8220;2_3&#8243; specialty_columns=&#8220;2&#8243; _builder_version=&#8220;3.25&#8243; custom_padding=&#8220;|||&#8220; global_colors_info=&#8220;{}&#8220; custom_padding__hover=&#8220;|||&#8220;][et_pb_row_inner custom_padding_last_edited=&#8220;on|phone&#8220; _builder_version=&#8220;4.14.6&#8243; custom_padding=&#8220;40px|40px|40px|40px|true|true&#8220; custom_padding_tablet=&#8220;30px|30px|30px|30px|true|true&#8220; custom_padding_phone=&#8220;20px|20px|20px|20px|true|true&#8220; border_width_all=&#8220;4px&#8220; border_color_all=&#8220;#5d0000&#8243; global_colors_info=&#8220;{}&#8220;][et_pb_column_inner saved_specialty_column_type=&#8220;2_3&#8243; _builder_version=&#8220;3.27.3&#8243; global_colors_info=&#8220;{}&#8220;][et_pb_text _builder_version=&#8220;4.14.4&#8243; _module_preset=&#8220;default&#8220; text_font=&#8220;Oswald|300|||||||&#8220; text_text_color=&#8220;rgba(255,255,255,0.77)&#8220; text_font_size=&#8220;18px&#8220; global_colors_info=&#8220;{}&#8220;]<\/p>\n<p>1993 trat Klok als Gast in der Andr\u00e9 van Duin Revue auf. Die Auftritte in Duinrell und die Zusammenarbeit mit Van Duin markierten Kloks endg\u00fcltigen Durchbruch in den Niederlanden. Er wurde gebeten, w\u00e4hrend der \u201eDinnershows\u201c im Studio 21 in Hilversum eine Reihe von Auftritten zu geben. Er trat auch bei der World Press Photo Gala auf. 1994-1995 nahm Klok an Gerard Jolings Theatertournee teil, trat in Las Vegas im Loew&#8217;s Hotel in Monte Carlo und in gro\u00dfen deutschen Shows wie Der Gro\u00dfe K\u00fcnstler Preis und Linda de Mols Surpriseshow auf. Im August 1996 wurde Klok von NBC eingeladen, im Caesars Palace in Las Vegas als Teil der Fernsehsendung The World Greatest Magic aufzutreten. Klok nutzte die folgende Zeit, um seine erste Theatershow vorzubereiten, die im Oktober im Luxor Theater in Rotterdam uraufgef\u00fchrt wurde. 1998 machte er eine zweite Theatershow, Magic Live on Stage, gefolgt von Magic Impossible. Bei der Zauberweltmeisterschaft 1997 in Dresden belegten Klok und sein Team den zweiten Platz in der Kategorie \u201eIllusionismus\u201c.[5] Im selben Jahr trat er im ABC-Special Champions of Magic auf.<\/p>\n<p>[\/et_pb_text][\/et_pb_column_inner][\/et_pb_row_inner][\/et_pb_column][\/et_pb_section][et_pb_section fb_built=&#8220;1&#8243; specialty=&#8220;on&#8220; admin_label=&#8220;Feature List&#8220; _builder_version=&#8220;3.27.3&#8243; background_color=&#8220;#000000&#8243; global_colors_info=&#8220;{}&#8220;][et_pb_column type=&#8220;1_3&#8243; _builder_version=&#8220;3.25&#8243; custom_padding=&#8220;|||&#8220; global_colors_info=&#8220;{}&#8220; custom_padding__hover=&#8220;|||&#8220;][et_pb_image src=&#8220;http:\/\/hansklok.com\/wp-content\/uploads\/2021\/11\/HANS-KLOK.jpg&#8220; title_text=&#8220;HANS KLOK&#8220; _builder_version=&#8220;4.14.6&#8243; _module_preset=&#8220;default&#8220; global_colors_info=&#8220;{}&#8220;][\/et_pb_image][\/et_pb_column][et_pb_column type=&#8220;2_3&#8243; specialty_columns=&#8220;2&#8243; _builder_version=&#8220;3.25&#8243; custom_padding=&#8220;|||&#8220; global_colors_info=&#8220;{}&#8220; custom_padding__hover=&#8220;|||&#8220;][et_pb_row_inner custom_padding_last_edited=&#8220;on|phone&#8220; _builder_version=&#8220;4.14.6&#8243; custom_padding=&#8220;40px|40px|40px|40px|true|true&#8220; custom_padding_tablet=&#8220;30px|30px|30px|30px|true|true&#8220; custom_padding_phone=&#8220;20px|20px|20px|20px|true|true&#8220; border_width_all=&#8220;4px&#8220; border_color_all=&#8220;#5d0000&#8243; global_colors_info=&#8220;{}&#8220;][et_pb_column_inner saved_specialty_column_type=&#8220;2_3&#8243; _builder_version=&#8220;3.27.3&#8243; global_colors_info=&#8220;{}&#8220;][et_pb_text _builder_version=&#8220;4.14.4&#8243; _module_preset=&#8220;default&#8220; text_font=&#8220;Oswald|300|||||||&#8220; text_text_color=&#8220;rgba(255,255,255,0.77)&#8220; text_font_size=&#8220;18px&#8220; global_colors_info=&#8220;{}&#8220;]<\/p>\n<p>Sein Vater, der das Gesch\u00e4ft seines Sohnes treibende Kraft war, verstarb Anfang 2002 unerwartet. Der Bruder von Hans Klok \u00fcbernahm die Aufgaben seines Vaters. Im Sommer 2002 trat Klok in der Wonderful Efteling Show im neuen Theater im Efteling auf. Ab 27. Dezember 2002 trat er dann mit seiner Show History of Magic drei Monate lang in ganz Europa auf.<br \/>Ende 2004 hatte sein Bruder die Idee zu einer Show im Ahoy in Rotterdam. Kurz nach den Shows folgte ein Gespr\u00e4ch mit Joop van den Ende, der eine Zusammenarbeit vorschlug. Stage Entertainment Magic wurde 2006 gegr\u00fcndet, bei dem Stage Entertainment (Joop van den Ende) und Hans Klok Illusions jeweils zu Wort kamen. Am 9. Dezember 2005 trat Klok w\u00e4hrend der Auslosung f\u00fcr die FIFA Fussball-Weltmeisterschaft 2006 auf. F\u00fcr Millionen von Zuschauern inszenierte er eine Show, in der er den Pokal heraufbeschwor.<br \/>Im August 2006 tourte Klok durch alle Holland Casino Standorte. 2006 bereitete er sich auf seine neue Show Faster than Magic vor, die am 5. Januar 2007 in K\u00f6ln uraufgef\u00fchrt wurde. Die Show erz\u00e4hlte seine Lebensgeschichte mit Musik und Illusionen. Neben Klok arbeiteten seine drei Assistenten auf der B\u00fchne: Nathalie Hoop, Zarina Potapova und Debbie Verhey. Klok durfte daraufhin im Planet Hollywood Resort &amp; Casino in Las Vegas auftreten. Carmen Electra wurde zun\u00e4chst hier in die Show aufgenommen, zog sich jedoch zur\u00fcck, nachdem festgestellt wurde, dass sie an Klaustrophobie litt. Pamela Anderson ersetzte sie als Assistentin, die Show endete Mitte November 2007.<br \/>Unmittelbar nach seinen Shows in Las Vegas betreute Hans Klok zeitweise die Parkshow des Ouwehands Dierenpark.<br \/>Zur\u00fcck in den Niederlanden wurde er von Stardust Circus International BV des Produzentenehepaares Henk van der Meijden und Monica Strotmann betreut. Nach ihrer ersten gemeinsamen niederl\u00e4ndischen Theatershow Hurricane folgte Ende 2010 ihre eigene Weihnachtsshow, die auch in gro\u00dfen St\u00e4dten in Deutschland und \u00d6sterreich aufgef\u00fchrt wurde.<br \/>2011 verbrachte Klok als erster Illusionist f\u00fcnf Wochen in einem ausverkauften Royal Theatre Carr\u00e9 in Amsterdam mit der Circus Hurricane Show, einer Kombination aus Magie und Zirkus, gefolgt von einer nationalen Tournee. Im Dezember folgte eine gro\u00dfe Deutschlandtournee mit dem Programm Magie der Weihnacht.<\/p>\n<p>[\/et_pb_text][\/et_pb_column_inner][\/et_pb_row_inner][\/et_pb_column][\/et_pb_section][et_pb_section fb_built=&#8220;1&#8243; specialty=&#8220;on&#8220; admin_label=&#8220;Feature List&#8220; _builder_version=&#8220;3.27.3&#8243; background_color=&#8220;#000000&#8243; global_colors_info=&#8220;{}&#8220;][et_pb_column type=&#8220;1_3&#8243; _builder_version=&#8220;3.25&#8243; custom_padding=&#8220;|||&#8220; global_colors_info=&#8220;{}&#8220; custom_padding__hover=&#8220;|||&#8220;][et_pb_image src=&#8220;http:\/\/hansklok.com\/wp-content\/uploads\/2022\/01\/Hans-Klok-And-Friends.jpg&#8220; alt=&#8220;Hans Klok &#8211; Und Freunde&#8220; title_text=&#8220;Hans Klok &#8211; Und Freunde&#8220; _builder_version=&#8220;4.14.6&#8243; _module_preset=&#8220;default&#8220; border_color_all=&#8220;#f9002b&#8220; global_colors_info=&#8220;{}&#8220;][\/et_pb_image][\/et_pb_column][et_pb_column type=&#8220;2_3&#8243; specialty_columns=&#8220;2&#8243; _builder_version=&#8220;3.25&#8243; custom_padding=&#8220;|||&#8220; global_colors_info=&#8220;{}&#8220; custom_padding__hover=&#8220;|||&#8220;][et_pb_row_inner custom_padding_last_edited=&#8220;on|phone&#8220; _builder_version=&#8220;4.14.6&#8243; custom_padding=&#8220;40px|40px|40px|40px|true|true&#8220; custom_padding_tablet=&#8220;30px|30px|30px|30px|true|true&#8220; custom_padding_phone=&#8220;20px|20px|20px|20px|true|true&#8220; border_width_all=&#8220;4px&#8220; border_color_all=&#8220;#5d0000&#8243; global_colors_info=&#8220;{}&#8220;][et_pb_column_inner saved_specialty_column_type=&#8220;2_3&#8243; _builder_version=&#8220;3.27.3&#8243; global_colors_info=&#8220;{}&#8220;][et_pb_text _builder_version=&#8220;4.14.4&#8243; _module_preset=&#8220;default&#8220; text_font=&#8220;Oswald|300|||||||&#8220; text_text_color=&#8220;rgba(255,255,255,0.77)&#8220; text_font_size=&#8220;18px&#8220; global_colors_info=&#8220;{}&#8220;]<\/p>\n<p>W\u00e4hrend eines Auftritts in der BBC The One Show am 3. Februar 2012 wurde Klok von Supermodel Kate Moss entdeckt und gebeten, am 18. Februar 2012 bei Stella McCartneys Fashion Dinner als \u00dcberraschungsauftritt aufzutreten, bei dem er Model und Fernsehmoderatorin Alexa . hatte Chung schwebe \u00fcber drei Schwertern. Unter den vielen G\u00e4sten waren Rihanna, Anna Wintour und Mario Testino. Vom 23. Februar bis 25. M\u00e4rz 2012 spielte Klok f\u00fcnf Wochen lang The Houdini Experience im Peacock Theatre im Londoner West End. Die Mail am Sonntag schrieb, Klok sei der erste seit hundert Jahren, der Houdini gleichkam. Dar\u00fcber hinaus brach er im Finale von The Magicians bei der BBC am 11. Februar 2012 seinen eigenen Rekord, indem er in 5 Minuten 12 gro\u00dfe Illusionen auff\u00fchrte.<br \/>Am 10. Juli 2013 performte Klok The Jaws of Death over the Amstel in Amsterdam als Werbegag f\u00fcr &#8222;The New Houdini&#8220;. 2014 nahm Hans Klok als erster Illusionist \u00fcberhaupt am Monte Carlo International Circus Festival teil. Hier wurde er am 26. Januar 2014 mit einem Silbernen Clown ausgezeichnet.<br \/>Klok war auch mehrmals zu Gast in der Jahressendung Le Plus Grand Cabaret du Monde, die vom franz\u00f6sischen TV5 ausgestrahlt wird.<br \/>Hans Klok startete 2016 im Royal Theatre Carr\u00e9 mit seiner Show House of Horror.<br \/>Ab Februar 2020 tritt Klok im Excalibur Hotel &amp; Casino am Strip in Las Vegas auf. Im M\u00e4rz 2020 mussten die Vorstellungen aufgrund von COVID-19 eingestellt werden.<br \/>2021 ging Klok mit einem Theaterzelt in 7 St\u00e4dten in den Niederlanden unter dem Titel Hans Klok &amp; Friends auf Tour.<\/p>\n<p>[\/et_pb_text][\/et_pb_column_inner][\/et_pb_row_inner][\/et_pb_column][\/et_pb_section][et_pb_section fb_built=&#8220;1&#8243; _builder_version=&#8220;4.14.7&#8243; _module_preset=&#8220;default&#8220; background_color=&#8220;#000000&#8243; global_colors_info=&#8220;{}&#8220;][et_pb_row _builder_version=&#8220;4.14.7&#8243; _module_preset=&#8220;default&#8220; global_colors_info=&#8220;{}&#8220;][et_pb_column type=&#8220;4_4&#8243; _builder_version=&#8220;4.14.7&#8243; _module_preset=&#8220;default&#8220; global_colors_info=&#8220;{}&#8220;][\/et_pb_column][\/et_pb_row][et_pb_row _builder_version=&#8220;4.14.7&#8243; _module_preset=&#8220;default&#8220; global_colors_info=&#8220;{}&#8220;][et_pb_column type=&#8220;4_4&#8243; _builder_version=&#8220;4.14.7&#8243; _module_preset=&#8220;default&#8220; global_colors_info=&#8220;{}&#8220;][et_pb_gallery gallery_ids=&#8220;7837,8000,8003,8006,8009,8311&#8243; posts_number=&#8220;6&#8243; orientation=&#8220;portrait&#8220; show_title_and_caption=&#8220;off&#8220; show_pagination=&#8220;off&#8220; _builder_version=&#8220;4.14.8&#8243; _module_preset=&#8220;default&#8220; pagination_text_color=&#8220;#FFFFFF&#8220; global_colors_info=&#8220;{}&#8220;][\/et_pb_gallery][\/et_pb_column][\/et_pb_row][\/et_pb_section][et_pb_section fb_built=&#8220;1&#8243; admin_label=&#8220;Footer&#8220; _builder_version=&#8220;4.0.6&#8243; use_background_color_gradient=&#8220;on&#8220; background_color_gradient_start=&#8220;#000000&#8243; background_color_gradient_end=&#8220;rgba(0,0,0,0)&#8220; background_color_gradient_end_position=&#8220;50%&#8220; background_color_gradient_overlays_image=&#8220;on&#8220; background_image=&#8220;http:\/\/hansklok.com\/wp-content\/uploads\/2021\/11\/theater-01.jpg&#8220; locked=&#8220;off&#8220; global_colors_info=&#8220;{}&#8220;][et_pb_row _builder_version=&#8220;3.29.1&#8243; global_colors_info=&#8220;{}&#8220;][et_pb_column type=&#8220;4_4&#8243; _builder_version=&#8220;3.29.1&#8243; global_colors_info=&#8220;{}&#8220;][\/et_pb_column][\/et_pb_row][\/et_pb_section]<\/p>\n","protected":false},"excerpt":{"rendered":"<p>\u00dcber HansAn seinem zehnten Geburtstag erhielt Hans Klok eine Zauberkiste und trat auf den Geburtstagsfeiern von Freunden auf. Mit zw\u00f6lf Jahren wurde er niederl\u00e4ndischer Jugendmeister in Zauberei, mit vierzehn wurde er Jugend-Europameister in Zauberei.Klok bezeichnet sich selbst als &#8218;Der schnellste Magier der Welt\u201c. 1990 gewannen er und seine Assistentin Sittah die schnellste Metamorphose der Welt&#8220; [&hellip;]<\/p>\n","protected":false},"author":1,"featured_media":9529,"parent":0,"menu_order":0,"comment_status":"closed","ping_status":"closed","template":"","meta":{"_et_pb_use_builder":"on","_et_pb_old_content":"","_et_gb_content_width":"","footnotes":""},"class_list":["post-7479","page","type-page","status-publish","has-post-thumbnail","hentry"],"yoast_head":"<!-- This site is optimized with the Yoast SEO plugin v27.3 - https:\/\/yoast.com\/product\/yoast-seo-wordpress\/ -->\n<title>Biografie - Hans Klok<\/title>\n<meta name=\"robots\" content=\"index, follow, max-snippet:-1, max-image-preview:large, max-video-preview:-1\" \/>\n<link rel=\"canonical\" href=\"https:\/\/hansklok.com\/de\/biografie\/\" \/>\n<meta property=\"og:locale\" content=\"de_DE\" \/>\n<meta property=\"og:type\" content=\"article\" \/>\n<meta property=\"og:title\" content=\"Biografie - Hans Klok\" \/>\n<meta property=\"og:description\" content=\"\u00dcber HansAn seinem zehnten Geburtstag erhielt Hans Klok eine Zauberkiste und trat auf den Geburtstagsfeiern von Freunden auf. Mit zw\u00f6lf Jahren wurde er niederl\u00e4ndischer Jugendmeister in Zauberei, mit vierzehn wurde er Jugend-Europameister in Zauberei.Klok bezeichnet sich selbst als &#039;Der schnellste Magier der Welt\u201c. 1990 gewannen er und seine Assistentin Sittah die schnellste Metamorphose der Welt&quot; [&hellip;]\" \/>\n<meta property=\"og:url\" content=\"https:\/\/hansklok.com\/de\/biografie\/\" \/>\n<meta property=\"og:site_name\" content=\"Hans Klok\" \/>\n<meta property=\"article:modified_time\" content=\"2022-03-10T13:42:16+00:00\" \/>\n<meta property=\"og:image\" content=\"https:\/\/i0.wp.com\/hansklok.com\/wp-content\/uploads\/2022\/03\/Hans-Klok-and-Friends15-scaled.jpg?fit=2560%2C1707&ssl=1\" \/>\n\t<meta property=\"og:image:width\" content=\"2560\" \/>\n\t<meta property=\"og:image:height\" content=\"1707\" \/>\n\t<meta property=\"og:image:type\" content=\"image\/jpeg\" \/>\n<meta name=\"twitter:card\" content=\"summary_large_image\" \/>\n<meta name=\"twitter:label1\" content=\"Gesch\u00e4tzte Lesezeit\" \/>\n\t<meta name=\"twitter:data1\" content=\"10\u00a0Minuten\" \/>\n<script type=\"application\/ld+json\" class=\"yoast-schema-graph\">{\"@context\":\"https:\\\/\\\/schema.org\",\"@graph\":[{\"@type\":\"WebPage\",\"@id\":\"https:\\\/\\\/hansklok.com\\\/de\\\/biografie\\\/\",\"url\":\"https:\\\/\\\/hansklok.com\\\/de\\\/biografie\\\/\",\"name\":\"Biografie - Hans Klok\",\"isPartOf\":{\"@id\":\"https:\\\/\\\/hansklok.com\\\/de\\\/#website\"},\"primaryImageOfPage\":{\"@id\":\"https:\\\/\\\/hansklok.com\\\/de\\\/biografie\\\/#primaryimage\"},\"image\":{\"@id\":\"https:\\\/\\\/hansklok.com\\\/de\\\/biografie\\\/#primaryimage\"},\"thumbnailUrl\":\"https:\\\/\\\/hansklok.com\\\/wp-content\\\/uploads\\\/2024\\\/04\\\/Hans-Klok-Face-The-Future-Banner.jpg\",\"datePublished\":\"2021-12-05T15:53:59+00:00\",\"dateModified\":\"2022-03-10T13:42:16+00:00\",\"breadcrumb\":{\"@id\":\"https:\\\/\\\/hansklok.com\\\/de\\\/biografie\\\/#breadcrumb\"},\"inLanguage\":\"de\",\"potentialAction\":[{\"@type\":\"ReadAction\",\"target\":[\"https:\\\/\\\/hansklok.com\\\/de\\\/biografie\\\/\"]}]},{\"@type\":\"ImageObject\",\"inLanguage\":\"de\",\"@id\":\"https:\\\/\\\/hansklok.com\\\/de\\\/biografie\\\/#primaryimage\",\"url\":\"https:\\\/\\\/hansklok.com\\\/wp-content\\\/uploads\\\/2024\\\/04\\\/Hans-Klok-Face-The-Future-Banner.jpg\",\"contentUrl\":\"https:\\\/\\\/hansklok.com\\\/wp-content\\\/uploads\\\/2024\\\/04\\\/Hans-Klok-Face-The-Future-Banner.jpg\",\"width\":1440,\"height\":1920,\"caption\":\"Hans Klok - Face The Future - Banner\"},{\"@type\":\"BreadcrumbList\",\"@id\":\"https:\\\/\\\/hansklok.com\\\/de\\\/biografie\\\/#breadcrumb\",\"itemListElement\":[{\"@type\":\"ListItem\",\"position\":1,\"name\":\"Home\",\"item\":\"https:\\\/\\\/hansklok.com\\\/de\\\/\"},{\"@type\":\"ListItem\",\"position\":2,\"name\":\"Biografie\"}]},{\"@type\":\"WebSite\",\"@id\":\"https:\\\/\\\/hansklok.com\\\/de\\\/#website\",\"url\":\"https:\\\/\\\/hansklok.com\\\/de\\\/\",\"name\":\"Hans Klok\",\"description\":\"The World's Fastest Magician\",\"potentialAction\":[{\"@type\":\"SearchAction\",\"target\":{\"@type\":\"EntryPoint\",\"urlTemplate\":\"https:\\\/\\\/hansklok.com\\\/de\\\/?s={search_term_string}\"},\"query-input\":{\"@type\":\"PropertyValueSpecification\",\"valueRequired\":true,\"valueName\":\"search_term_string\"}}],\"inLanguage\":\"de\"}]}<\/script>\n<!-- \/ Yoast SEO plugin. -->","yoast_head_json":{"title":"Biografie - Hans Klok","robots":{"index":"index","follow":"follow","max-snippet":"max-snippet:-1","max-image-preview":"max-image-preview:large","max-video-preview":"max-video-preview:-1"},"canonical":"https:\/\/hansklok.com\/de\/biografie\/","og_locale":"de_DE","og_type":"article","og_title":"Biografie - Hans Klok","og_description":"\u00dcber HansAn seinem zehnten Geburtstag erhielt Hans Klok eine Zauberkiste und trat auf den Geburtstagsfeiern von Freunden auf. Mit zw\u00f6lf Jahren wurde er niederl\u00e4ndischer Jugendmeister in Zauberei, mit vierzehn wurde er Jugend-Europameister in Zauberei.Klok bezeichnet sich selbst als 'Der schnellste Magier der Welt\u201c. 1990 gewannen er und seine Assistentin Sittah die schnellste Metamorphose der Welt\" [&hellip;]","og_url":"https:\/\/hansklok.com\/de\/biografie\/","og_site_name":"Hans Klok","article_modified_time":"2022-03-10T13:42:16+00:00","og_image":[{"width":2560,"height":1707,"url":"https:\/\/i0.wp.com\/hansklok.com\/wp-content\/uploads\/2022\/03\/Hans-Klok-and-Friends15-scaled.jpg?fit=2560%2C1707&ssl=1","type":"image\/jpeg"}],"twitter_card":"summary_large_image","twitter_misc":{"Gesch\u00e4tzte Lesezeit":"10\u00a0Minuten"},"schema":{"@context":"https:\/\/schema.org","@graph":[{"@type":"WebPage","@id":"https:\/\/hansklok.com\/de\/biografie\/","url":"https:\/\/hansklok.com\/de\/biografie\/","name":"Biografie - Hans Klok","isPartOf":{"@id":"https:\/\/hansklok.com\/de\/#website"},"primaryImageOfPage":{"@id":"https:\/\/hansklok.com\/de\/biografie\/#primaryimage"},"image":{"@id":"https:\/\/hansklok.com\/de\/biografie\/#primaryimage"},"thumbnailUrl":"https:\/\/hansklok.com\/wp-content\/uploads\/2024\/04\/Hans-Klok-Face-The-Future-Banner.jpg","datePublished":"2021-12-05T15:53:59+00:00","dateModified":"2022-03-10T13:42:16+00:00","breadcrumb":{"@id":"https:\/\/hansklok.com\/de\/biografie\/#breadcrumb"},"inLanguage":"de","potentialAction":[{"@type":"ReadAction","target":["https:\/\/hansklok.com\/de\/biografie\/"]}]},{"@type":"ImageObject","inLanguage":"de","@id":"https:\/\/hansklok.com\/de\/biografie\/#primaryimage","url":"https:\/\/hansklok.com\/wp-content\/uploads\/2024\/04\/Hans-Klok-Face-The-Future-Banner.jpg","contentUrl":"https:\/\/hansklok.com\/wp-content\/uploads\/2024\/04\/Hans-Klok-Face-The-Future-Banner.jpg","width":1440,"height":1920,"caption":"Hans Klok - Face The Future - Banner"},{"@type":"BreadcrumbList","@id":"https:\/\/hansklok.com\/de\/biografie\/#breadcrumb","itemListElement":[{"@type":"ListItem","position":1,"name":"Home","item":"https:\/\/hansklok.com\/de\/"},{"@type":"ListItem","position":2,"name":"Biografie"}]},{"@type":"WebSite","@id":"https:\/\/hansklok.com\/de\/#website","url":"https:\/\/hansklok.com\/de\/","name":"Hans Klok","description":"The World's Fastest Magician","potentialAction":[{"@type":"SearchAction","target":{"@type":"EntryPoint","urlTemplate":"https:\/\/hansklok.com\/de\/?s={search_term_string}"},"query-input":{"@type":"PropertyValueSpecification","valueRequired":true,"valueName":"search_term_string"}}],"inLanguage":"de"}]}},"_links":{"self":[{"href":"https:\/\/hansklok.com\/de\/wp-json\/wp\/v2\/pages\/7479","targetHints":{"allow":["GET"]}}],"collection":[{"href":"https:\/\/hansklok.com\/de\/wp-json\/wp\/v2\/pages"}],"about":[{"href":"https:\/\/hansklok.com\/de\/wp-json\/wp\/v2\/types\/page"}],"author":[{"embeddable":true,"href":"https:\/\/hansklok.com\/de\/wp-json\/wp\/v2\/users\/1"}],"replies":[{"embeddable":true,"href":"https:\/\/hansklok.com\/de\/wp-json\/wp\/v2\/comments?post=7479"}],"version-history":[{"count":0,"href":"https:\/\/hansklok.com\/de\/wp-json\/wp\/v2\/pages\/7479\/revisions"}],"wp:featuredmedia":[{"embeddable":true,"href":"https:\/\/hansklok.com\/de\/wp-json\/wp\/v2\/media\/9529"}],"wp:attachment":[{"href":"https:\/\/hansklok.com\/de\/wp-json\/wp\/v2\/media?parent=7479"}],"curies":[{"name":"wp","href":"https:\/\/api.w.org\/{rel}","templated":true}]}}